{"id":745,"date":"2016-03-10T18:51:46","date_gmt":"2016-03-10T18:51:46","guid":{"rendered":"https:\/\/default.houzez.co\/?page_id=745"},"modified":"2024-01-10T19:41:17","modified_gmt":"2024-01-10T19:41:17","slug":"terms-and-conditions","status":"publish","type":"page","link":"https:\/\/vinlax.com.do\/index.php\/terms-and-conditions\/","title":{"rendered":"T\u00e9rminos y Condiciones de Uso"},"content":{"rendered":"<p><strong>INFORMACI\u00d3N RELEVANTE<\/strong><\/p>\n<p>Es requisito necesario para la adquisici\u00f3n de los productos que se ofrecen en este sitio, que lea y acepte los siguientes T\u00e9rminos y Condiciones que a continuaci\u00f3n se redactan. El uso de nuestros servicios as\u00ed como la compra de nuestros productos implicar\u00e1 que usted ha le\u00eddo y aceptado los T\u00e9rminos y Condiciones de Uso en el presente documento. Todas los productos \u00a0que son ofrecidos por nuestro sitio web pudieran ser creadas, cobradas, enviadas o presentadas por una p\u00e1gina web tercera y en tal caso estar\u00edan sujetas a sus propios T\u00e9rminos y Condiciones.<\/p>\n<p>Todas las compras y transacciones que se lleven a cabo por medio de este sitio web, est\u00e1n sujetas a un proceso de confirmaci\u00f3n y verificaci\u00f3n, el cual podr\u00eda incluir la verificaci\u00f3n del stock y disponibilidad de producto, validaci\u00f3n de la forma de pago, validaci\u00f3n de la factura (en caso de existir) y el cumplimiento de las condiciones requeridas por el medio de pago seleccionado. En algunos casos puede que se requiera una verificaci\u00f3n por medio de correo electr\u00f3nico.<\/p>\n<p><strong>LICENCIA<\/strong><\/p>\n<p>Vinlax Real Estate SRL\u00a0 a trav\u00e9s de su sitio web concede una licencia para que los usuarios utilicen\u00a0 los productos que son vendidos en este sitio web de acuerdo a los T\u00e9rminos y Condiciones que se describen en este documento.<\/p>\n<p><strong>USO NO AUTORIZADO<\/strong><\/p>\n<p>En caso de que aplique (para venta de software, templetes, u otro producto de dise\u00f1o y programaci\u00f3n) usted no puede colocar uno de nuestros productos, modificado o sin modificar, en un CD, sitio web o ning\u00fan otro medio y ofrecerlos para la redistribuci\u00f3n o la reventa de ning\u00fan tipo.<\/p>\n<p><strong>PROPIEDAD<\/strong><\/p>\n<p>Usted no puede declarar propiedad intelectual o exclusiva a ninguno de nuestros productos, modificado o sin modificar. Todos los productos son propiedad \u00a0de los proveedores del contenido. En caso de que no se especifique lo contrario, nuestros productos se proporcionan\u00a0 sin ning\u00fan tipo de garant\u00eda, expresa o impl\u00edcita. En ning\u00fan esta compa\u00f1\u00eda ser\u00e1 \u00a0responsables de ning\u00fan da\u00f1o incluyendo, pero no limitado a, da\u00f1os directos, indirectos, especiales, fortuitos o consecuentes u otras p\u00e9rdidas resultantes del uso o de la imposibilidad de utilizar nuestros productos.<\/p>\n<p><strong>PRIVACIDAD<\/strong><\/p>\n<p>Este https:\/\/vinlax.com.do\/ garantiza que la\u00a0informaci\u00f3n personal que usted env\u00eda cuenta con la seguridad necesaria. Los datos ingresados por usuario o en el caso de requerir una validaci\u00f3n de los pedidos no ser\u00e1n entregados a terceros, salvo que deba ser revelada en cumplimiento a una orden judicial o requerimientos legales.<\/p>\n<p>La suscripci\u00f3n a boletines de correos electr\u00f3nicos publicitarios es voluntaria y podr\u00eda ser seleccionada al momento de crear su cuenta.<\/p>\n<p>Vinlax Real Estate SRL reserva los derechos de cambiar o de modificar estos t\u00e9rminos sin previo aviso.<\/p>\n<p>Estas terminos y condiciones se han generado en\u00a0<a href=\"http:\/\/terminosycondicionesdeusoejemplo.com\/\" target=\"_blank\" rel=\"noopener\">terminosycondicionesdeusoejemplo.com<\/a>.<\/p>\n","protected":false},"excerpt":{"rendered":"<p>INFORMACI\u00d3N RELEVANTE Es requisito necesario para la adquisici\u00f3n de los productos que se ofrecen en este sitio, que lea y acepte los siguientes T\u00e9rminos y Condiciones que a continuaci\u00f3n se redactan. El uso de nuestros servicios as\u00ed como la compra de nuestros productos implicar\u00e1 que usted ha le\u00eddo y aceptado los T\u00e9rminos y Condiciones de [&hellip;]<\/p>\n","protected":false},"author":1,"featured_media":0,"parent":0,"menu_order":0,"comment_status":"closed","ping_status":"closed","template":"","meta":{"_monsterinsights_skip_tracking":false,"_monsterinsights_sitenote_active":false,"_monsterinsights_sitenote_note":"","_monsterinsights_sitenote_category":0,"footnotes":""},"class_list":["post-745","page","type-page","status-publish","hentry"],"aioseo_notices":[],"_links":{"self":[{"href":"https:\/\/vinlax.com.do\/index.php\/wp-json\/wp\/v2\/pages\/745","targetHints":{"allow":["GET"]}}],"collection":[{"href":"https:\/\/vinlax.com.do\/index.php\/wp-json\/wp\/v2\/pages"}],"about":[{"href":"https:\/\/vinlax.com.do\/index.php\/wp-json\/wp\/v2\/types\/page"}],"author":[{"embeddable":true,"href":"https:\/\/vinlax.com.do\/index.php\/wp-json\/wp\/v2\/users\/1"}],"replies":[{"embeddable":true,"href":"https:\/\/vinlax.com.do\/index.php\/wp-json\/wp\/v2\/comments?post=745"}],"version-history":[{"count":2,"href":"https:\/\/vinlax.com.do\/index.php\/wp-json\/wp\/v2\/pages\/745\/revisions"}],"predecessor-version":[{"id":18667,"href":"https:\/\/vinlax.com.do\/index.php\/wp-json\/wp\/v2\/pages\/745\/revisions\/18667"}],"wp:attachment":[{"href":"https:\/\/vinlax.com.do\/index.php\/wp-json\/wp\/v2\/media?parent=745"}],"curies":[{"name":"wp","href":"https:\/\/api.w.org\/{rel}","templated":true}]}}